{"id":373,"date":"2012-06-25T10:44:34","date_gmt":"2012-06-25T08:44:34","guid":{"rendered":"http:\/\/enerpass.it\/?page_id=373"},"modified":"2024-01-18T10:45:28","modified_gmt":"2024-01-18T08:45:28","slug":"373-2","status":"publish","type":"page","link":"https:\/\/www.enerpass.it\/it\/impresa\/373-2\/","title":{"rendered":"Missione"},"content":{"rendered":"<h1>La missione<\/h1>\n<p>Con la messa in servizio della centrale idroelettrica il 31 ottobre 2008, la Enerpass Societ\u00e0 Consortile Arl diventa il maggior produttore in Val Passiria di energia verde, che verr\u00e0 rivenduta ai grandi acquirenti. L&#8217;energia ecologica viene ricavata dalla potenza dell&#8217;acqua del Passirio, torrente che presenta condizioni favorevoli per lo sfruttamento del potenziale di energia ecologica insito nell&#8217;acqua. L&#8217;utilizzo di questa risorsa torna utile a tutta la popolazione della Val Passiria, avendo i 3 comuni della valle, San Martino, San Leonardo e Moso, partecipazioni alla Enerpass. Scopo precipuo dell&#8217;attivit\u00e0 imprenditoriale \u00e8 quello di rafforzare la produttivit\u00e0 dei nostri 3 comuni, rispettando nel contempo ambiente e natura.<\/p>\n<p><a href=\"https:\/\/enerpass.it\/wordpress\/wp-content\/uploads\/2024\/01\/UNTERNEHMENSPOLITIK-ENERPASS-ita.pdf\" target=\"_blank\" rel=\"noopener noreferrer\">POLITICA AZIENDALE ENERPASS<\/a> [PDF 300 KB]<\/p>\n","protected":false},"excerpt":{"rendered":"<p>La missione Con la messa in servizio della centrale idroelettrica il 31 ottobre 2008, la Enerpass Societ\u00e0 Consortile Arl diventa il maggior produttore in Val Passiria di energia verde, che verr\u00e0 rivenduta ai grandi acquirenti. L&#8217;energia ecologica viene ricavata dalla &hellip; <a href=\"https:\/\/www.enerpass.it\/it\/impresa\/373-2\/\">Continue reading <span class=\"meta-nav\">&rarr;<\/span><\/a><\/p>\n","protected":false},"author":1,"featured_media":0,"parent":371,"menu_order":0,"comment_status":"closed","ping_status":"open","template":"","meta":{"footnotes":""},"class_list":["post-373","page","type-page","status-publish","hentry"],"_links":{"self":[{"href":"https:\/\/www.enerpass.it\/it\/wp-json\/wp\/v2\/pages\/373","targetHints":{"allow":["GET"]}}],"collection":[{"href":"https:\/\/www.enerpass.it\/it\/wp-json\/wp\/v2\/pages"}],"about":[{"href":"https:\/\/www.enerpass.it\/it\/wp-json\/wp\/v2\/types\/page"}],"author":[{"embeddable":true,"href":"https:\/\/www.enerpass.it\/it\/wp-json\/wp\/v2\/users\/1"}],"replies":[{"embeddable":true,"href":"https:\/\/www.enerpass.it\/it\/wp-json\/wp\/v2\/comments?post=373"}],"version-history":[{"count":5,"href":"https:\/\/www.enerpass.it\/it\/wp-json\/wp\/v2\/pages\/373\/revisions"}],"predecessor-version":[{"id":2088,"href":"https:\/\/www.enerpass.it\/it\/wp-json\/wp\/v2\/pages\/373\/revisions\/2088"}],"up":[{"embeddable":true,"href":"https:\/\/www.enerpass.it\/it\/wp-json\/wp\/v2\/pages\/371"}],"wp:attachment":[{"href":"https:\/\/www.enerpass.it\/it\/wp-json\/wp\/v2\/media?parent=373"}],"curies":[{"name":"wp","href":"https:\/\/api.w.org\/{rel}","templated":true}]}}