{"id":440,"date":"2012-06-28T14:18:08","date_gmt":"2012-06-28T12:18:08","guid":{"rendered":"http:\/\/enerpass.it\/?page_id=440"},"modified":"2013-08-06T13:55:55","modified_gmt":"2013-08-06T11:55:55","slug":"impressum","status":"publish","type":"page","link":"https:\/\/www.enerpass.it\/it\/impressum\/","title":{"rendered":"Impressum"},"content":{"rendered":"<h1>Tutti i diritti riservati<\/h1>\n<p>I contenuti di questa webpage sono protetti dal diritto d&#8217;autore. La loro riproduzione, in qualsiasi forma, \u00e8 asolutamente vietata.<\/p>\n<p>I diritti di copia dei disegni e grafici sono di propriet\u00e0 dei rispettivi produttori.<\/p>\n<p>Si declina espressamente ogni responsabilit\u00e0 per i contenuti delle pagine a questa collegate, sulle quali si dichiara di non avere alcuna influenza, n\u00e8 per i contenuti, n\u00e8 per la presentazione. Viene esclusa pertanto qualsiasi responsabilit\u00e0 o pretesa di garanzia che potrebbe derivare da pagine collegate. Si prendono le distanze inoltre dalle opinioni espresse in tali pagine in quanto esse non possono in ogni caso corrispondere a quelle degli autori del presente sito internet.<\/p>\n<p>Copyright f\u00fcr alle \u00fcbrigen Inhalte:<\/p>\n<p><strong>ENERPASS societ\u00e0 consortile arl<\/strong><br \/>\nvia Pianlargo 2\/B<br \/>\nI-39010 San Martino in Pass. (BZ)<\/p>\n<p>tel. +39 0473 49 16 16<br \/>\nfax +39 0473 49 16 17<br \/>\nemail: <a href=\"mailto:info@enerpass.it\">info@enerpass.it<\/a><\/p>\n<h1>Design sito internet<strong><\/strong>:<\/h1>\n<p><a title=\"http:\/\/freiraum.bz.it\" href=\"http:\/\/freiraum.bz.it\" target=\"_blank\">freiraum&#8217;<\/a><br \/>\ndi Jana Pfitscher &amp; Barbara Pixner<br \/>\nvia villaggio 18<br \/>\n39010 San Martino in Passiria<br \/>\nTel. +39 0473 650018<br \/>\nemail: <a href=\"mailto:pfitscherjana@me.com\">pfitscherjana@me.com<\/a><\/p>\n<h1>Programmazione sito internet<strong><\/strong>:<\/h1>\n<p>[lukas fahrner]<br \/>\n<a title=\"[lukas fahrner] Webseitenprogrammierung &amp; Suchmaschinenoptimierung\" href=\"http:\/\/fahrner.it\" target=\"_blank\">Webseitenprogrammierung &amp; Suchmaschinenoptimierung<\/a><br \/>\nvia Anger 28<br \/>\nI-39010 San Martino in Passiria (BZ)<br \/>\nTel. +39 347 87 56 814<br \/>\nemail: <a href=\"mailto:info@fahrner.it\">info@fahrner.it<\/a><\/p>\n<p>&nbsp;<\/p>\n","protected":false},"excerpt":{"rendered":"<p>Tutti i diritti riservati I contenuti di questa webpage sono protetti dal diritto d&#8217;autore. La loro riproduzione, in qualsiasi forma, \u00e8 asolutamente vietata. I diritti di copia dei disegni e grafici sono di propriet\u00e0 dei rispettivi produttori. Si declina espressamente &hellip; <a href=\"https:\/\/www.enerpass.it\/it\/impressum\/\">Continue reading <span class=\"meta-nav\">&rarr;<\/span><\/a><\/p>\n","protected":false},"author":1,"featured_media":0,"parent":0,"menu_order":98,"comment_status":"closed","ping_status":"open","template":"","meta":{"footnotes":""},"class_list":["post-440","page","type-page","status-publish","hentry"],"_links":{"self":[{"href":"https:\/\/www.enerpass.it\/it\/wp-json\/wp\/v2\/pages\/440","targetHints":{"allow":["GET"]}}],"collection":[{"href":"https:\/\/www.enerpass.it\/it\/wp-json\/wp\/v2\/pages"}],"about":[{"href":"https:\/\/www.enerpass.it\/it\/wp-json\/wp\/v2\/types\/page"}],"author":[{"embeddable":true,"href":"https:\/\/www.enerpass.it\/it\/wp-json\/wp\/v2\/users\/1"}],"replies":[{"embeddable":true,"href":"https:\/\/www.enerpass.it\/it\/wp-json\/wp\/v2\/comments?post=440"}],"version-history":[{"count":7,"href":"https:\/\/www.enerpass.it\/it\/wp-json\/wp\/v2\/pages\/440\/revisions"}],"predecessor-version":[{"id":570,"href":"https:\/\/www.enerpass.it\/it\/wp-json\/wp\/v2\/pages\/440\/revisions\/570"}],"wp:attachment":[{"href":"https:\/\/www.enerpass.it\/it\/wp-json\/wp\/v2\/media?parent=440"}],"curies":[{"name":"wp","href":"https:\/\/api.w.org\/{rel}","templated":true}]}}