{"id":446,"date":"2012-06-28T14:24:28","date_gmt":"2012-06-28T12:24:28","guid":{"rendered":"http:\/\/enerpass.it\/?page_id=446"},"modified":"2024-01-18T10:46:07","modified_gmt":"2024-01-18T08:46:07","slug":"privacy","status":"publish","type":"page","link":"https:\/\/www.enerpass.it\/it\/privacy\/","title":{"rendered":"Privacy"},"content":{"rendered":"<p><b>Informativa sul trattamento dei dati<\/b><\/p>\n<p>Ai sensi degli artt. 13 e 14 GDPR 679\/2016<\/p>\n<p>Nome e recapito del titolare del trattamento e del responsabile della protezione dei dati<\/p>\n<p>Questa informativa vale per il trattamento dei dati da parte di:<\/p>\n<p>ENERPASS societ\u00e0 consortile arl<br \/>\nvia Pianlargo 2\/B<br \/>\nI-39010 San Martino in Pass. (BZ)<\/p>\n<p>tel. +39 0473 49 16 16<br \/>\nemail:\u00a0<a href=\"mailto:info@enerpass.it\">info@enerpass.it<\/a><\/p>\n<p><strong>Il titolare del trattamento \u00e8:<\/strong><\/p>\n<p>Gothard Gufler<\/p>\n<p><strong>Il responsabile del trattamento:<\/strong><\/p>\n<p>Franz Schwienbacher<\/p>\n<p>Raccolta e conservazione dei dati personali, nonch\u00e9 tipo e finalit\u00e0 del loro trattamento<\/p>\n<ul>\n<li>Titolo, nome e cognome<\/li>\n<li>indirizzo email<\/li>\n<li>indirizzo,<\/li>\n<li>Numero di telefono\u00a0(fisso\u00a0e\/o cellulare)<\/li>\n<li>Codice fiscale<\/li>\n<li>dati bancari<\/li>\n<li>Il trattamento dei dati avviene per le seguenti finalit\u00e0:<\/li>\n<li>effettuazione delle attivit\u00e0 pregresse al rapporto contrattuale<\/li>\n<li>adempimento agli obblighi contrattuali<\/li>\n<li>adempimento agli obblighi di diritto civile e tributario<\/li>\n<li>evtl. difesa dei nostri diritti<\/li>\n<li>per fornirle una consulenza adeguata<\/li>\n<\/ul>\n<p>Il trattamento dei dati avviene su Sua richiesta e in base agli art. 6 c. 1 lit. b e c GDPR per le finalit\u00e0 suddette.<\/p>\n<p>I Suoi dati personali sono salvati fino alla scadenza dei termini di legge previsti e saranno poi cancellati, a meno che, a norma dell\u2019art. 6, c. 1, let. c non sussista un obbligo di diritto tributario alla conservazione dei dati.<\/p>\n<p>Quando si visita il nostro sito il browser installato sul Suo dispositivo invia automaticamente informazioni al server del nostro sito web. Queste informazioni vengono temporaneamente memorizzate in un cosiddetto file di log. Le seguenti informazioni vengono registrate senza l\u2019intervento dell\u2019utente e memorizzate fino a quando non vengono eliminate automaticamente:<\/p>\n<ul>\n<li>indirizzo IP del dispositivo accedente,<\/li>\n<li>data e ora dell\u2018accesso,<\/li>\n<li>nome e URL del file richiesto,<\/li>\n<li>sito web, dal quale \u00e8 stato effettuato l\u2018accesso (Referrer-URL),<\/li>\n<li>browser usato ed evtl. Il sistema operativo del dispositovo nonch\u00e9 nome del provider di accesso.<\/li>\n<\/ul>\n<p>Le informazioni menzionate sono usato per le seguenti finalit\u00e0:<\/p>\n<ul>\n<li>Assicurare una connessione fluida del sito web,<\/li>\n<li>Assicurare un uso comfortevole sel sito web,<\/li>\n<li>valutazione della sicurezza e della stabilit\u00e0 del sistema, nonch\u00e9<\/li>\n<li>ulteriori finalit\u00e0 amministrative.<\/li>\n<\/ul>\n<p>Il fondamento giuridico del trattamento \u00e8 l\u2019art. 6, c. 1, let.f GDPR. L\u2019interesse legittimo risulta dalle finalit\u00e0 summenzionate. In nessun modo i dati personali sono trattati a scopi di profiling. Inoltre, con l\u2019accesso al sito creiamo dei cookies e applichiamo un sistema di analisi.<\/p>\n<p>Trasmissione a terzi<\/p>\n<p>I Suoi dati non sono traferiti a terzi se non per le finalit\u00e0 espressamente indicati. Una trasmissione di dati a terzi pu\u00f2 avvenire per le seguenti finalit\u00e0:<\/p>\n<ul>\n<li>in caso di consenso esplicito ai sensi dell\u2018Art. 6 c. 1 let. a GDPR<\/li>\n<li>la trasmissione ai sensi dell\u2018art. 6 c. 1 let. f GDPR \u00e8 necessario per l\u2019accertamento l\u2019esercizio o la difesa di un diritto in sede giudiziaria e non sussiste un motivo per cui un altro Suo legittimo interesse prevalga alla trasmissione<\/li>\n<li>nei casi in cui la tramissione avviene in adempimento a un obbligo legale ai sensi dell\u2018art. 6 c. 1 let. c GDPR nonch\u00e9<\/li>\n<li>se la tramissione avviene in esecuzione di un contratto di cui Lei fa parte ai sensi dell\u2018art. 6 c. 1 let. b GDPR.<\/li>\n<\/ul>\n<p><b>Cookies\u00a0<\/b><\/p>\n<p>Sul nostro sito utilizziamo cookie. Si tratta di piccoli file che il browser crea automaticamente e che vengono memorizzati sul dispositivo (laptop, tablet, smartphone, ecc.) quando si visita il nostro sito. I cookie non danneggiano il dispositivo finale, non contengono virus, cavalli di Troia o altri malware. Nel cookie sono memorizzate delle informazioni in connessione con lo specifico dispositivo utilizzato.<\/p>\n<p>Questi cookie vengono eliminati automaticamente dopo un periodo di tempo definito. I dati elaborati dai cookies sono necessari per le finalit\u00e0 sopra indicate al fine di proteggere i nostri interessi legittimi e quelli di terzi ai sensi dell\u2019art. 6 c. 1 let. f GDPR. La maggior parte dei browser accetta automaticamente i cookie. Tuttavia, \u00e8 possibile configurare il browser in modo che non vengano memorizzati cookie sul computer dell\u2019utente o che venga visualizzato un messaggio prima della creazione di un nuovo cookie. Tuttavia, la disattivazione completa dei cookie pu\u00f2 portare al fatto che non \u00e8 possibile utilizzare tutte le funzioni del nostro sito web.<br \/>\n<a href=\"https:\/\/www.enerpass.it\/cookies\/\">Cookie &gt;<\/a><\/p>\n<p><b>Diritti degli interessati\u00a0\u00a0<\/b><\/p>\n<ul>\n<li>\u00a0Ai sensi dell\u2018art. 15 GDPRS Lei ha il diritto di ottenere la conferma che sia o meno in corso trattamenti di dati personali che Le riguardano. In particolare Lei ha il diritto si sapere le finalit\u00e0 del trattamento, le categorie di dati personali trattati, le categorie di destinatari cui i Suoi dati sono o possono essere comunicati, il termine di conservazione, il diritto di rettifica, di cancellazione, di limitazione del trattamento e revoca, il diritto di proporre reclamo contro il trattamento, la provenienza die dati, se raccolti presso terzi, nonch\u00e9 sull\u2019esistenza o meno di processi decisionali automatizzati, compreso il profiling e di fornire, se del caso, informazioni dettagliate;<\/li>\n<li>Ai sensi dell\u2018art. 16 GDPR Lei ha il diritto alla rettifica immediata o al completamento immediato dei dati trattati;<\/li>\n<li>Ai sensi dell\u2018art. 17 GDPR Lei ha il diritto di richiedere la cancellazione dei dati personali, nei limiti in cui il trattamento non avvenga in base al diritto alla libert\u00e0 di espressione e di informazione, per l\u2019adempimento a obblighi legali, a fini di interessi pubblici nel settore sanitario oppure per l\u2019accertamento, l\u2019esercizio o la difesa di un diritto in sede giudiziaria;<\/li>\n<li>Ai sensi dell\u2018art. 18 GDPR Lei ha il diritto di limitazione di trattamento, se lei contesta l\u2019esattezza dei dati, se il trattamento \u00e8 illecito, ma rifiuta di richiedere la loro cancellazione, il trattamento dei dati Le serve per adempiere agli obblighi derivanti da un contratto o se ha presentato un reclamo contro il trattamento ai sensi dell\u2019art. 21 GDPR;<\/li>\n<li>Ai sensi dell\u2018art. 20 GDPR Lei ha il diritto di ricevere in un formato strutturato, di uso comune e leggibile da dispositivo automatico i dati personali che Le riguardano e<\/li>\n<li>Ai sensi dell\u2018art. 77 GDPR Lei ha il diritto di proporre reclamo all\u2019autorit\u00e0 di controllo.<\/li>\n<\/ul>\n<p><b>Diritto di opposizione<\/b><\/p>\n<p>Nei limiti in cui i Suoi dati non sono trattati per il perseguimento di un interesse legittimo ai sensi dell\u2019art. 6 c. 1 let. f GDPR, Lei ha il diritto, ai sensi dell\u2019art. 21 GDPR, di opporsi al trattamento dei Suoi dati personali, indicando i motivi specifici a tal riguardo.<\/p>\n<p>Per esercitare il diritto di opposizione manda un email all\u2019indirizzo <a href=\"mailto:info@enerpass.it\"><span style=\"color: #fb9800;\"><span style=\"font-family: Arial, Helvetica, sans-serif;\"><span style=\"font-size: small;\">info@enerpass.it<\/span><\/span><\/span><\/a><\/p>\n<p><b>Sicurezza dei dati<\/b><\/p>\n<p>Utilizziamo il metodo SSL (Secure Socket Layer) in combinazione con il pi\u00f9 alto livello di crittografia supportato dal browser. Se una singola pagina del nostro sito web viene trasmessa in forma crittografata viene indicata dalla visualizzazione chiusa del simbolo della chiave o del lucchetto nella barra di stato inferiore del browser. Utilizziamo inoltre adeguate misure di sicurezza tecniche e organizzative per proteggere i Suoi dati da manipolazioni accidentali o intenzionali, perdita parziale o totale, distruzione o accesso non autorizzato da parte di terzi. Le nostre misure di sicurezza vengono continuamente migliorate in linea con gli sviluppi tecnologici.<\/p>\n<p><b>Attualit\u00e0 e modifica della presente informativa sulla privacy\u00a0<\/b><\/p>\n<p>La presente informativa privacy \u00e8 attualmente valida e deliberata nel Giugno 2018. A causa dell\u2019ulteriore sviluppo del nostro sito web e delle offerte di cui sopra o a causa di cambiamenti dei requisiti legali o ufficiali, potrebbe essere necessario modificare la presente dichiarazione sulla protezione dei dati.<\/p>\n","protected":false},"excerpt":{"rendered":"<p>Informativa sul trattamento dei dati Ai sensi degli artt. 13 e 14 GDPR 679\/2016 Nome e recapito del titolare del trattamento e del responsabile della protezione dei dati Questa informativa vale per il trattamento dei dati da parte di: ENERPASS &hellip; <a href=\"https:\/\/www.enerpass.it\/it\/privacy\/\">Continue reading <span class=\"meta-nav\">&rarr;<\/span><\/a><\/p>\n","protected":false},"author":1,"featured_media":0,"parent":0,"menu_order":99,"comment_status":"closed","ping_status":"open","template":"","meta":{"footnotes":""},"class_list":["post-446","page","type-page","status-publish","hentry"],"_links":{"self":[{"href":"https:\/\/www.enerpass.it\/it\/wp-json\/wp\/v2\/pages\/446","targetHints":{"allow":["GET"]}}],"collection":[{"href":"https:\/\/www.enerpass.it\/it\/wp-json\/wp\/v2\/pages"}],"about":[{"href":"https:\/\/www.enerpass.it\/it\/wp-json\/wp\/v2\/types\/page"}],"author":[{"embeddable":true,"href":"https:\/\/www.enerpass.it\/it\/wp-json\/wp\/v2\/users\/1"}],"replies":[{"embeddable":true,"href":"https:\/\/www.enerpass.it\/it\/wp-json\/wp\/v2\/comments?post=446"}],"version-history":[{"count":10,"href":"https:\/\/www.enerpass.it\/it\/wp-json\/wp\/v2\/pages\/446\/revisions"}],"predecessor-version":[{"id":2089,"href":"https:\/\/www.enerpass.it\/it\/wp-json\/wp\/v2\/pages\/446\/revisions\/2089"}],"wp:attachment":[{"href":"https:\/\/www.enerpass.it\/it\/wp-json\/wp\/v2\/media?parent=446"}],"curies":[{"name":"wp","href":"https:\/\/api.w.org\/{rel}","templated":true}]}}