{"id":540,"date":"2013-04-10T14:39:34","date_gmt":"2013-04-10T12:39:34","guid":{"rendered":"http:\/\/www.enerpass.it\/?page_id=540"},"modified":"2021-02-22T11:50:27","modified_gmt":"2021-02-22T09:50:27","slug":"certificate","status":"publish","type":"page","link":"https:\/\/www.enerpass.it\/it\/impresa\/certificate\/","title":{"rendered":"Obiettivo aziendale"},"content":{"rendered":"<h2>Obiettivo aziendale<\/h2>\n<p>Le attivit\u00e0 della Societ\u00e0 Consortile ENERPASS sono finalizzate al raggiungimento della miglior efficienza energetica, non sono orientate al profitto e perseguono gli interessi della collettivit\u00e0. L&#8217;obiettivo della Societ\u00e0 \u00e8 quello di promuovere progetti per lo sviluppo di fonti energetiche alternative, anche in collaborazione con gli enti pubblici locali. Lo scopo principale della Societ\u00e0 \u00e8 la produzione, la gestione, la trasformazione, lo scambio e la compensazione, il trasporto, l&#8217;acquisto e la vendita e il commercio di qualsiasi tipo di energia, nonch\u00e9 la progettazione, il finanziamento, la costruzione e la conduzione degli impianti tecnici necessari e dei sistemi ausiliari, in particolare delle centrali idroelettriche.<\/p>\n","protected":false},"excerpt":{"rendered":"<p>Obiettivo aziendale Le attivit\u00e0 della Societ\u00e0 Consortile ENERPASS sono finalizzate al raggiungimento della miglior efficienza energetica, non sono orientate al profitto e perseguono gli interessi della collettivit\u00e0. L&#8217;obiettivo della Societ\u00e0 \u00e8 quello di promuovere progetti per lo sviluppo di fonti &hellip; <a href=\"https:\/\/www.enerpass.it\/it\/impresa\/certificate\/\">Continue reading <span class=\"meta-nav\">&rarr;<\/span><\/a><\/p>\n","protected":false},"author":1,"featured_media":0,"parent":371,"menu_order":3,"comment_status":"closed","ping_status":"open","template":"","meta":{"footnotes":""},"class_list":["post-540","page","type-page","status-publish","hentry"],"_links":{"self":[{"href":"https:\/\/www.enerpass.it\/it\/wp-json\/wp\/v2\/pages\/540","targetHints":{"allow":["GET"]}}],"collection":[{"href":"https:\/\/www.enerpass.it\/it\/wp-json\/wp\/v2\/pages"}],"about":[{"href":"https:\/\/www.enerpass.it\/it\/wp-json\/wp\/v2\/types\/page"}],"author":[{"embeddable":true,"href":"https:\/\/www.enerpass.it\/it\/wp-json\/wp\/v2\/users\/1"}],"replies":[{"embeddable":true,"href":"https:\/\/www.enerpass.it\/it\/wp-json\/wp\/v2\/comments?post=540"}],"version-history":[{"count":19,"href":"https:\/\/www.enerpass.it\/it\/wp-json\/wp\/v2\/pages\/540\/revisions"}],"predecessor-version":[{"id":1808,"href":"https:\/\/www.enerpass.it\/it\/wp-json\/wp\/v2\/pages\/540\/revisions\/1808"}],"up":[{"embeddable":true,"href":"https:\/\/www.enerpass.it\/it\/wp-json\/wp\/v2\/pages\/371"}],"wp:attachment":[{"href":"https:\/\/www.enerpass.it\/it\/wp-json\/wp\/v2\/media?parent=540"}],"curies":[{"name":"wp","href":"https:\/\/api.w.org\/{rel}","templated":true}]}}